{"id":8,"date":"2018-02-14T18:59:11","date_gmt":"2018-02-14T17:59:11","guid":{"rendered":"http:\/\/www.emtechnologie.pl\/?page_id=8"},"modified":"2018-02-20T17:45:59","modified_gmt":"2018-02-20T16:45:59","slug":"serwis","status":"publish","type":"page","link":"http:\/\/www.emtechnologie.pl\/index.php\/serwis\/","title":{"rendered":"Serwis"},"content":{"rendered":"<p>Poza dzia\u0142alno\u015bci\u0105 handlow\u0105 \u015bwiadczymy r\u00f3wnie\u017c naszym Klientom szeroki zakres<br \/>\nus\u0142ug, co pozwala posiadanym urz\u0105dzeniom zachowa\u0107 sprawno\u015b\u0107 i spe\u0142nia\u0107 normy<br \/>\ntechniczne weryfikowane podczas codziennej eksploatacji. Wykonujemy prace takie<br \/>\njak:<\/p>\n<ul>\n<li>kompleksowe przegl\u0105dy techniczne,<\/li>\n<li>utrzymanie ruchu.<\/li>\n<\/ul>\n<p>Na zlecenie wykonujemy r\u00f3wnie\u017c specjalistyczne\u00a0konstrukcje stalowe\u00a0i podzespo\u0142y<br \/>\nmaszyn oraz przeprowadzamy niestandardowe instalacje linii produkcyjnych,<br \/>\nurz\u0105dze\u0144, czy\u00a0konstrukcji.<br \/>\nDostarczamy do urz\u0105dze\u0144 d\u017awigowych ca\u0142\u0105 gam\u0119 urz\u0105dze\u0144 u\u0142atwiaj\u0105cych prace<br \/>\nprze\u0142adunkowe i zawiesi do podnoszenia i\u00a0transportu\u00a0element\u00f3w d\u0142ugich i d\u0142ugich o<br \/>\ndu\u017cym ci\u0119\u017carze. W szczeg\u00f3lno\u015bci wsz\u0119dzie tam gdzie podczas transportu element<br \/>\nwymaga kilku punkt\u00f3w podwieszenia o rozstawie uniemo\u017cliwiaj\u0105cym zastosowanie<br \/>\nsamych\u00a0zawiesi\u00a0wieloci\u0119gnowych. Trawersy dostarczamy w r\u00f3\u017cnych wersjach,<br \/>\nmi\u0119dzy innymi: przestawne z mo\u017cliwo\u015bci\u0105 regulacji rozstawu i nieprzestawne bez<br \/>\nmo\u017cliwo\u015bci regulacji rozstaw\u00a0oraz r\u00f3\u017cne wersje specjalistyczne wg zlece\u0144 klienta<br \/>\nDzia\u0142amy na terenie ca\u0142ego kraju, zapewniaj\u0105c pomoc wykwalifikowanej<br \/>\ni\u00a0do\u015bwiadczonej grupy fachowc\u00f3w.<\/p>\n","protected":false},"excerpt":{"rendered":"<p>Poza dzia\u0142alno\u015bci\u0105 handlow\u0105 \u015bwiadczymy r\u00f3wnie\u017c naszym Klientom szeroki zakres us\u0142ug, co pozwala posiadanym urz\u0105dzeniom zachowa\u0107 sprawno\u015b\u0107 i spe\u0142nia\u0107 normy techniczne weryfikowane podczas codziennej eksploatacji. Wykonujemy prace takie jak: kompleksowe przegl\u0105dy techniczne, utrzymanie ruchu. Na zlecenie wykonujemy r\u00f3wnie\u017c specjalistyczne\u00a0konstrukcje stalowe\u00a0i podzespo\u0142y maszyn oraz przeprowadzamy niestandardowe instalacje linii produkcyjnych, urz\u0105dze\u0144, czy\u00a0konstrukcji. Dostarczamy &hellip;<\/p>\n","protected":false},"author":1,"featured_media":0,"parent":0,"menu_order":0,"comment_status":"closed","ping_status":"closed","template":"","meta":[],"_links":{"self":[{"href":"http:\/\/www.emtechnologie.pl\/index.php\/wp-json\/wp\/v2\/pages\/8"}],"collection":[{"href":"http:\/\/www.emtechnologie.pl\/index.php\/wp-json\/wp\/v2\/pages"}],"about":[{"href":"http:\/\/www.emtechnologie.pl\/index.php\/wp-json\/wp\/v2\/types\/page"}],"author":[{"embeddable":true,"href":"http:\/\/www.emtechnologie.pl\/index.php\/wp-json\/wp\/v2\/users\/1"}],"replies":[{"embeddable":true,"href":"http:\/\/www.emtechnologie.pl\/index.php\/wp-json\/wp\/v2\/comments?post=8"}],"version-history":[{"count":2,"href":"http:\/\/www.emtechnologie.pl\/index.php\/wp-json\/wp\/v2\/pages\/8\/revisions"}],"predecessor-version":[{"id":62,"href":"http:\/\/www.emtechnologie.pl\/index.php\/wp-json\/wp\/v2\/pages\/8\/revisions\/62"}],"wp:attachment":[{"href":"http:\/\/www.emtechnologie.pl\/index.php\/wp-json\/wp\/v2\/media?parent=8"}],"curies":[{"name":"wp","href":"https:\/\/api.w.org\/{rel}","templated":true}]}}