{"id":4,"date":"2018-02-14T18:58:55","date_gmt":"2018-02-14T17:58:55","guid":{"rendered":"http:\/\/www.emtechnologie.pl\/?page_id=4"},"modified":"2018-02-20T19:08:07","modified_gmt":"2018-02-20T18:08:07","slug":"sprzedaz","status":"publish","type":"page","link":"http:\/\/www.emtechnologie.pl\/index.php\/sprzedaz\/","title":{"rendered":"Sprzeda\u017c"},"content":{"rendered":"<p>P.H.U. EM Technologie od lat zajmuje si\u0119 sprzeda\u017c\u0105 urz\u0105dze\u0144 umo\u017cliwiaj\u0105cych\u00a0efektywny transport wewn\u0119trzny w przedsi\u0119biorstwach produkcyjnych. W naszym asortymencie znajdziecie Pa\u0144stwo takie produkty jak:<\/p>\n<p><strong><span style=\"text-decoration: underline;\">Urz\u0105dzenia d\u017awignicowe:<\/span><\/strong><\/p>\n<ul>\n<li>urz\u0105dzenia transportu bliskiego:\u00a0<strong>suwnice podwieszane<\/strong>\u00a0i pomostowe,\u00a0<strong>wci\u0105gniki \u0142a\u0144cuchowe r\u0119czne<\/strong>\u00a0i elektryczne, podesty,\u00a0<strong>podno\u015bniki hydrauliczne<\/strong>\u00a0i wiele innych,<\/li>\n<li>urz\u0105dzenia d\u017awigowe \u2013 windy osobowe i towarowe, schody i chodniki ruchome,<\/li>\n<li>trawersy i chwytaki<\/li>\n<\/ul>\n<p><strong><span style=\"text-decoration: underline;\">Wyposa\u017cenie magazyn\u00f3w i w\u00f3zki magazynowe:<\/span><\/strong><\/p>\n<ul>\n<li style=\"font-weight: 400;\">w\u00f3zki magazynowe i transportowe,<\/li>\n<li style=\"font-weight: 400;\">rega\u0142y magazynowe,<\/li>\n<li style=\"font-weight: 400;\">ko\u0142a do w\u00f3zk\u00f3w magazynowych,<\/li>\n<li style=\"font-weight: 400;\">zestawy ko\u0142owe,<\/li>\n<li style=\"font-weight: 400;\">rolki do w\u00f3zk\u00f3w magazynowych,<\/li>\n<li style=\"font-weight: 400;\">rolki stalowe transportowe<\/li>\n<\/ul>\n<p><strong><span style=\"text-decoration: underline;\">Materia\u0142y budowlane:<\/span><\/strong><\/p>\n<ul>\n<li>konstrukcje stalowe,<\/li>\n<li>chemia budowlana<\/li>\n<li>systemy izolacyjne<\/li>\n<li>systemy posadzek przemys\u0142owych<\/li>\n<li>systemy pow\u0142ok malarskich do konstrukcji stalowych<\/li>\n<\/ul>\n<p>&nbsp;<\/p>\n","protected":false},"excerpt":{"rendered":"<p>P.H.U. EM Technologie od lat zajmuje si\u0119 sprzeda\u017c\u0105 urz\u0105dze\u0144 umo\u017cliwiaj\u0105cych\u00a0efektywny transport wewn\u0119trzny w przedsi\u0119biorstwach produkcyjnych. W naszym asortymencie znajdziecie Pa\u0144stwo takie produkty jak: Urz\u0105dzenia d\u017awignicowe: urz\u0105dzenia transportu bliskiego:\u00a0suwnice podwieszane\u00a0i pomostowe,\u00a0wci\u0105gniki \u0142a\u0144cuchowe r\u0119czne\u00a0i elektryczne, podesty,\u00a0podno\u015bniki hydrauliczne\u00a0i wiele innych, urz\u0105dzenia d\u017awigowe \u2013 windy osobowe i towarowe, schody i chodniki ruchome, trawersy i &hellip;<\/p>\n","protected":false},"author":1,"featured_media":0,"parent":0,"menu_order":0,"comment_status":"closed","ping_status":"closed","template":"","meta":[],"_links":{"self":[{"href":"http:\/\/www.emtechnologie.pl\/index.php\/wp-json\/wp\/v2\/pages\/4"}],"collection":[{"href":"http:\/\/www.emtechnologie.pl\/index.php\/wp-json\/wp\/v2\/pages"}],"about":[{"href":"http:\/\/www.emtechnologie.pl\/index.php\/wp-json\/wp\/v2\/types\/page"}],"author":[{"embeddable":true,"href":"http:\/\/www.emtechnologie.pl\/index.php\/wp-json\/wp\/v2\/users\/1"}],"replies":[{"embeddable":true,"href":"http:\/\/www.emtechnologie.pl\/index.php\/wp-json\/wp\/v2\/comments?post=4"}],"version-history":[{"count":11,"href":"http:\/\/www.emtechnologie.pl\/index.php\/wp-json\/wp\/v2\/pages\/4\/revisions"}],"predecessor-version":[{"id":72,"href":"http:\/\/www.emtechnologie.pl\/index.php\/wp-json\/wp\/v2\/pages\/4\/revisions\/72"}],"wp:attachment":[{"href":"http:\/\/www.emtechnologie.pl\/index.php\/wp-json\/wp\/v2\/media?parent=4"}],"curies":[{"name":"wp","href":"https:\/\/api.w.org\/{rel}","templated":true}]}}