{"id":30,"date":"2018-02-14T20:04:54","date_gmt":"2018-02-14T19:04:54","guid":{"rendered":"http:\/\/www.emtechnologie.pl\/?page_id=30"},"modified":"2018-02-14T20:04:54","modified_gmt":"2018-02-14T19:04:54","slug":"wozki-magazynowe","status":"publish","type":"page","link":"http:\/\/www.emtechnologie.pl\/index.php\/wozki-magazynowe\/","title":{"rendered":"W\u00f3zki magazynowe"},"content":{"rendered":"<ul>\n<li style=\"font-weight: 400;\">Ko\u0142a do w\u00f3zk\u00f3w magazynowych<\/li>\n<li style=\"font-weight: 400;\">Rolki do w\u00f3zk\u00f3w magazynowych<\/li>\n<\/ul>\n","protected":false},"excerpt":{"rendered":"<p>Ko\u0142a do w\u00f3zk\u00f3w magazynowych Rolki do w\u00f3zk\u00f3w magazynowych<\/p>\n","protected":false},"author":1,"featured_media":0,"parent":0,"menu_order":0,"comment_status":"closed","ping_status":"closed","template":"","meta":[],"_links":{"self":[{"href":"http:\/\/www.emtechnologie.pl\/index.php\/wp-json\/wp\/v2\/pages\/30"}],"collection":[{"href":"http:\/\/www.emtechnologie.pl\/index.php\/wp-json\/wp\/v2\/pages"}],"about":[{"href":"http:\/\/www.emtechnologie.pl\/index.php\/wp-json\/wp\/v2\/types\/page"}],"author":[{"embeddable":true,"href":"http:\/\/www.emtechnologie.pl\/index.php\/wp-json\/wp\/v2\/users\/1"}],"replies":[{"embeddable":true,"href":"http:\/\/www.emtechnologie.pl\/index.php\/wp-json\/wp\/v2\/comments?post=30"}],"version-history":[{"count":1,"href":"http:\/\/www.emtechnologie.pl\/index.php\/wp-json\/wp\/v2\/pages\/30\/revisions"}],"predecessor-version":[{"id":31,"href":"http:\/\/www.emtechnologie.pl\/index.php\/wp-json\/wp\/v2\/pages\/30\/revisions\/31"}],"wp:attachment":[{"href":"http:\/\/www.emtechnologie.pl\/index.php\/wp-json\/wp\/v2\/media?parent=30"}],"curies":[{"name":"wp","href":"https:\/\/api.w.org\/{rel}","templated":true}]}}